{"id":3567,"date":"2024-12-30T09:06:57","date_gmt":"2024-12-30T09:06:57","guid":{"rendered":"https:\/\/www.asmlojistik.com.tr\/depolama-hizmeti\/"},"modified":"2025-01-13T02:07:27","modified_gmt":"2025-01-13T02:07:27","slug":"depolama-hizmeti","status":"publish","type":"page","link":"https:\/\/www.asmlojistik.com.tr\/en\/depolama-hizmeti\/","title":{"rendered":"Storage Service"},"content":{"rendered":"\t\t<div data-elementor-type=\"wp-page\" data-elementor-id=\"3567\" class=\"elementor elementor-3567\">\n\t\t\t\t<div class=\"elementor-element elementor-element-b9a667f e-flex e-con-boxed e-con e-parent\" data-id=\"b9a667f\" data-element_type=\"container\" data-e-type=\"container\">\n\t\t\t\t\t<div class=\"e-con-inner\">\n\t\t\t\t<div class=\"elementor-element elementor-element-5226a785 elementor-widget elementor-widget-text-editor\" data-id=\"5226a785\" data-element_type=\"widget\" data-e-type=\"widget\" data-widget_type=\"text-editor.default\">\n\t\t\t\t<div class=\"elementor-widget-container\">\n\t\t\t\t\t\t\t\t\t&nbsp;\r\n<div id=\"42DD5F88_7C2E_4011_FCCE_8BFF3C6B760C\"><\/div>\r\n<div id=\"42DD5F88_7C2E_4011_FCCE_8BFF3C6B760C\"><\/div>\t\t\t\t\t\t\t\t<\/div>\n\t\t\t\t<\/div>\n\t\t\t\t\t<\/div>\n\t\t\t\t<\/div>\n\t\t<div class=\"elementor-element elementor-element-3ccb4e0 e-flex e-con-boxed e-con e-parent\" data-id=\"3ccb4e0\" data-element_type=\"container\" data-e-type=\"container\">\n\t\t\t\t\t<div class=\"e-con-inner\">\n\t\t<div class=\"elementor-element elementor-element-1462b7b e-con-full e-flex e-con e-child\" data-id=\"1462b7b\" data-element_type=\"container\" data-e-type=\"container\">\n\t\t\t\t<div class=\"elementor-element elementor-element-6f6fa7a elementor-widget elementor-widget-sidebar\" data-id=\"6f6fa7a\" data-element_type=\"widget\" data-e-type=\"widget\" data-widget_type=\"sidebar.default\">\n\t\t\t\t<div class=\"elementor-widget-container\">\n\t\t\t\t\t<div id=\"fastrans_service_sidebar-1\" class=\"service-widget sidebar-widget widget_fastrans_service_sidebar\">\n\t\t\t<!-- Instagram Widget -->\n\t\t\t<div class=\"ft-service-sidebar-widget headline ul-li-block\">\n\t\t\t\t<div class=\"service-category-widget\">\n\t\t\t\t\t<h3 class=\"widget-title\">Hizmetler<\/h3>\t\t\t\t\t<ul>\n\t\t\t\t\t\n\t\t\t\t<!-- Title -->\n\t\t\t\t\t\t\t\t<li><a href=\"https:\/\/www.asmlojistik.com.tr\/atik-ve-imha-projelendirme-sonuclandirma-hizmeti\/\">At\u0131k ve \u0130mha Projelendirme &#038; Sonu\u00e7land\u0131rma Hizmeti<\/a><\/li>\n\t\t\t\t\t\t\t\t<li><a href=\"https:\/\/www.asmlojistik.com.tr\/kofreleme-ve-ellecleme-hizmeti\/\">Kofreleme ve Elle\u00e7leme Hizmeti<\/a><\/li>\n\t\t\t\t\t\t\t\t<li><a href=\"https:\/\/www.asmlojistik.com.tr\/ambalaj-degisimi-ve-etiketleme-hizmeti\/\">Ambalaj De\u011fi\u015fimi ve Etiketleme Hizmeti<\/a><\/li>\n\t\t\t\t\t\t\t\t<li><a href=\"https:\/\/www.asmlojistik.com.tr\/moto-kurye-ve-sehir-ici-teslimat-hizmeti\/\">Moto Kurye ve \u015eehir \u0130\u00e7i Teslimat Hizmeti<\/a><\/li>\n\t\t\t\t\t\t\t\t<li><a href=\"https:\/\/www.asmlojistik.com.tr\/adr-yonetmeligine-uygun-tasimacilik-hizmeti\/\">ADR Y\u00f6netmeli\u011fine Uygun Ta\u015f\u0131mac\u0131l\u0131k Hizmeti<\/a><\/li>\n\t\t\t\t\t\t\t\t<li><a href=\"https:\/\/www.asmlojistik.com.tr\/parsiyel-ve-komple-tasimacilik\/\">Parsiyel ve Komple Ta\u015f\u0131mac\u0131l\u0131k<\/a><\/li>\n\t\t\t\t\t\t\t\t<li><a href=\"https:\/\/www.asmlojistik.com.tr\/proje-tasimaciligi-ve-proje-yonetimi-hizmeti\/\">Proje Ta\u015f\u0131mac\u0131l\u0131\u011f\u0131 ve Proje Y\u00f6netimi Hizmeti<\/a><\/li>\n\t\t\t\t\t\t\t\t<li><a href=\"https:\/\/www.asmlojistik.com.tr\/depolama-hizmeti\/\">Depolama Hizmeti<\/a><\/li>\n\t\t\t\t\t\t\t\t<li><a href=\"https:\/\/www.asmlojistik.com.tr\/gumrukleme-hizmeti\/\">G\u00fcmr\u00fckleme Hizmeti<\/a><\/li>\n\t\t\t\t\n\t\t\t\t\t\t\t\t<\/ul>\n\t\t\t\t<\/div>\n\t\t\t<\/div>\n\n\t\t\t<\/div><div id=\"fastrans_support_form-1\" class=\"service-widget sidebar-widget widget_fastrans_support_form\">\n\t\t\t<div class=\"ft-service-sidebar-widget headline ul-li-block\">\n                <div class=\"service-form-widget\">\n                    <h3 class=\"widget-title text-uppercase\">\u0130leti\u015fim Formu<\/h3>                                        <p>\u0130stek  ve Talepleriniz \u0130\u00e7in Bize Mail Atabilirsiniz<\/p>\n                                        \n<div class=\"wpcf7 no-js\" id=\"wpcf7-f514-o1\" lang=\"en-US\" dir=\"ltr\" data-wpcf7-id=\"514\">\n<div class=\"screen-reader-response\"><p role=\"status\" aria-live=\"polite\" aria-atomic=\"true\"><\/p> <ul><\/ul><\/div>\n<form action=\"\/en\/wp-json\/wp\/v2\/pages\/3567#wpcf7-f514-o1\" method=\"post\" class=\"wpcf7-form init\" aria-label=\"Contact form\" novalidate=\"novalidate\" data-status=\"init\">\n<fieldset class=\"hidden-fields-container\"><input type=\"hidden\" name=\"_wpcf7\" value=\"514\" \/><input type=\"hidden\" name=\"_wpcf7_version\" value=\"6.1.5\" \/><input type=\"hidden\" name=\"_wpcf7_locale\" value=\"en_US\" \/><input type=\"hidden\" name=\"_wpcf7_unit_tag\" value=\"wpcf7-f514-o1\" \/><input type=\"hidden\" name=\"_wpcf7_container_post\" value=\"0\" \/><input type=\"hidden\" name=\"_wpcf7_posted_data_hash\" value=\"\" \/>\n<\/fieldset>\n<p><span class=\"wpcf7-form-control-wrap\" data-name=\"text-256\"><input size=\"40\" maxlength=\"400\" class=\"wpcf7-form-control wpcf7-text wpcf7-validates-as-required\" aria-required=\"true\" aria-invalid=\"false\" placeholder=\"\u0130sim\" value=\"\" type=\"text\" name=\"text-256\" \/><\/span><br \/>\n<span class=\"wpcf7-form-control-wrap\" data-name=\"email-466\"><input size=\"40\" maxlength=\"400\" class=\"wpcf7-form-control wpcf7-email wpcf7-validates-as-required wpcf7-text wpcf7-validates-as-email\" aria-required=\"true\" aria-invalid=\"false\" placeholder=\"Email\" value=\"\" type=\"email\" name=\"email-466\" \/><\/span><br \/>\n<span class=\"wpcf7-form-control-wrap\" data-name=\"textarea-867\"><textarea cols=\"40\" rows=\"10\" maxlength=\"2000\" class=\"wpcf7-form-control wpcf7-textarea\" aria-invalid=\"false\" placeholder=\"Sorunuz\" name=\"textarea-867\"><\/textarea><\/span><br \/>\n<button>\u0130leti\u015fime Ge\u00e7<\/button>\n<\/p><div class=\"wpcf7-response-output\" aria-hidden=\"true\"><\/div>\n<\/form>\n<\/div>\n                <\/div>\n            <\/div>\n\n        <\/div><div id=\"fastrans_download_brochure-3\" class=\"service-widget sidebar-widget widget_fastrans_download_brochure\">\n\t\t<div class=\"ft-service-sidebar-widget headline ul-li-block\">\n            <div class=\"service-download-widget\">\n                <h3 class=\"widget-title\">Katalo\u011fu \u0130ncele<\/h3>                <ul>\n                                        <li><a target=\"_blank\" href=\"https:\/\/www.asmlojistik.com.tr\/wp-content\/uploads\/2024\/12\/ASM-LOJISTIK-DIJITAL-KATALOG-1.pdf\">Asm Katalog <i class=\"far fa-file-pdf\"><\/i><\/a><\/li>\n                                                        <\/ul>\n            <\/div>\n        <\/div>\n\n        <\/div>\t\t\t\t<\/div>\n\t\t\t\t<\/div>\n\t\t\t\t<\/div>\n\t\t<div class=\"elementor-element elementor-element-d06103f e-con-full e-flex e-con e-child\" data-id=\"d06103f\" data-element_type=\"container\" data-e-type=\"container\">\n\t\t\t\t<div class=\"elementor-element elementor-element-629f772 elementor-widget elementor-widget-heading\" data-id=\"629f772\" data-element_type=\"widget\" data-e-type=\"widget\" data-widget_type=\"heading.default\">\n\t\t\t\t<div class=\"elementor-widget-container\">\n\t\t\t\t\t<h2 class=\"elementor-heading-title elementor-size-default\">Storage Service<\/h2>\t\t\t\t<\/div>\n\t\t\t\t<\/div>\n\t\t\t\t<div class=\"elementor-element elementor-element-136fc50 elementor-widget elementor-widget-image\" data-id=\"136fc50\" data-element_type=\"widget\" data-e-type=\"widget\" data-widget_type=\"image.default\">\n\t\t\t\t<div class=\"elementor-widget-container\">\n\t\t\t\t\t\t\t\t\t\t\t\t\t\t\t<img fetchpriority=\"high\" decoding=\"async\" width=\"800\" height=\"500\" src=\"https:\/\/www.asmlojistik.com.tr\/wp-content\/uploads\/2024\/12\/Depolama-Hizmeti.jpg\" class=\"attachment-full size-full wp-image-2801\" alt=\"\" srcset=\"https:\/\/www.asmlojistik.com.tr\/wp-content\/uploads\/2024\/12\/Depolama-Hizmeti.jpg 800w, https:\/\/www.asmlojistik.com.tr\/wp-content\/uploads\/2024\/12\/Depolama-Hizmeti-600x375.jpg 600w, https:\/\/www.asmlojistik.com.tr\/wp-content\/uploads\/2024\/12\/Depolama-Hizmeti-300x188.jpg 300w, https:\/\/www.asmlojistik.com.tr\/wp-content\/uploads\/2024\/12\/Depolama-Hizmeti-768x480.jpg 768w, https:\/\/www.asmlojistik.com.tr\/wp-content\/uploads\/2024\/12\/Depolama-Hizmeti-370x230.jpg 370w, https:\/\/www.asmlojistik.com.tr\/wp-content\/uploads\/2024\/12\/Depolama-Hizmeti-371x233.jpg 371w\" sizes=\"(max-width: 800px) 100vw, 800px\" \/>\t\t\t\t\t\t\t\t\t\t\t\t\t\t\t<\/div>\n\t\t\t\t<\/div>\n\t\t\t\t<div class=\"elementor-element elementor-element-c6c81a7 elementor-widget elementor-widget-text-editor\" data-id=\"c6c81a7\" data-element_type=\"widget\" data-e-type=\"widget\" data-widget_type=\"text-editor.default\">\n\t\t\t\t<div class=\"elementor-widget-container\">\n\t\t\t\t\t\t\t\t\t<p>Storage service, as a seriously important part of the logistics phases, ensures that products are stored safely and accessed quickly when needed. This service also includes storing various types of products under the most appropriate conditions for a certain period of time. It will guarantee that the products are stored in a safe environment without encountering problems such as quality loss, damage or loss.<\/p><div id=\"42DD5F88_7C2E_4011_FCCE_8BFF3C6B760C\">\u00a0<\/div><div id=\"42DD5F88_7C2E_4011_FCCE_8BFF3C6B760C\">\u00a0<\/div><div id=\"42DD5F88_7C2E_4011_FCCE_8BFF3C6B760C\">\u00a0<\/div>\t\t\t\t\t\t\t\t<\/div>\n\t\t\t\t<\/div>\n\t\t\t\t<div class=\"elementor-element elementor-element-eefa02b elementor-widget elementor-widget-heading\" data-id=\"eefa02b\" data-element_type=\"widget\" data-e-type=\"widget\" data-widget_type=\"heading.default\">\n\t\t\t\t<div class=\"elementor-widget-container\">\n\t\t\t\t\t<h2 class=\"elementor-heading-title elementor-size-default\">Scope<\/h2>\t\t\t\t<\/div>\n\t\t\t\t<\/div>\n\t\t\t\t<div class=\"elementor-element elementor-element-7dda39e elementor-widget elementor-widget-text-editor\" data-id=\"7dda39e\" data-element_type=\"widget\" data-e-type=\"widget\" data-widget_type=\"text-editor.default\">\n\t\t\t\t<div class=\"elementor-widget-container\">\n\t\t\t\t\t\t\t\t\t<p>It is a service that is customized according to different product types. Suitable conditions are created for each type of product such as medicines, hazardous materials, food products, electronic devices.<\/p><p>For products that are sensitive to humid conditions, humidity levels are controlled. Areas with low humidity levels are created for products such as textiles and electronic devices.<\/p><p>Only authorized individuals can access storage areas. Access controls are meticulously applied to ensure the safety of products.<\/p><p>Products are placed in the most appropriate shelf systems in an orderly manner. All placements made in accordance with the type of products support the efficient use of space.<\/p><div id=\"42DD5F88_7C2E_4011_FCCE_8BFF3C6B760C\">\u00a0<\/div><div id=\"42DD5F88_7C2E_4011_FCCE_8BFF3C6B760C\">\u00a0<\/div><div id=\"42DD5F88_7C2E_4011_FCCE_8BFF3C6B760C\">\u00a0<\/div>\t\t\t\t\t\t\t\t<\/div>\n\t\t\t\t<\/div>\n\t\t\t\t<div class=\"elementor-element elementor-element-2a9867e elementor-widget elementor-widget-image\" data-id=\"2a9867e\" data-element_type=\"widget\" data-e-type=\"widget\" data-widget_type=\"image.default\">\n\t\t\t\t<div class=\"elementor-widget-container\">\n\t\t\t\t\t\t\t\t\t\t\t\t\t\t\t<img decoding=\"async\" width=\"800\" height=\"500\" src=\"https:\/\/www.asmlojistik.com.tr\/wp-content\/uploads\/2024\/12\/Proje-Yoneticiligi.jpg\" class=\"attachment-full size-full wp-image-2789\" alt=\"\" srcset=\"https:\/\/www.asmlojistik.com.tr\/wp-content\/uploads\/2024\/12\/Proje-Yoneticiligi.jpg 800w, https:\/\/www.asmlojistik.com.tr\/wp-content\/uploads\/2024\/12\/Proje-Yoneticiligi-600x375.jpg 600w, https:\/\/www.asmlojistik.com.tr\/wp-content\/uploads\/2024\/12\/Proje-Yoneticiligi-300x188.jpg 300w, https:\/\/www.asmlojistik.com.tr\/wp-content\/uploads\/2024\/12\/Proje-Yoneticiligi-768x480.jpg 768w, https:\/\/www.asmlojistik.com.tr\/wp-content\/uploads\/2024\/12\/Proje-Yoneticiligi-370x230.jpg 370w, https:\/\/www.asmlojistik.com.tr\/wp-content\/uploads\/2024\/12\/Proje-Yoneticiligi-371x233.jpg 371w\" sizes=\"(max-width: 800px) 100vw, 800px\" \/>\t\t\t\t\t\t\t\t\t\t\t\t\t\t\t<\/div>\n\t\t\t\t<\/div>\n\t\t\t\t<div class=\"elementor-element elementor-element-811b362 elementor-widget elementor-widget-heading\" data-id=\"811b362\" data-element_type=\"widget\" data-e-type=\"widget\" data-widget_type=\"heading.default\">\n\t\t\t\t<div class=\"elementor-widget-container\">\n\t\t\t\t\t<h2 class=\"elementor-heading-title elementor-size-default\">Advantages<\/h2>\t\t\t\t<\/div>\n\t\t\t\t<\/div>\n\t\t\t\t<div class=\"elementor-element elementor-element-55f29a9 elementor-widget elementor-widget-text-editor\" data-id=\"55f29a9\" data-element_type=\"widget\" data-e-type=\"widget\" data-widget_type=\"text-editor.default\">\n\t\t\t\t<div class=\"elementor-widget-container\">\n\t\t\t\t\t\t\t\t\t<ul><li><p>Products are tracked to prevent losses. Thus, the stock status is also best controlled.<\/p><p>Stored products are in places that are quickly accessible when needed. This speeds up transportation and distribution processes.<br \/>Special solutions are provided for each product type. Storage conditions are also improved<\/p><\/li><\/ul><div id=\"42DD5F88_7C2E_4011_FCCE_8BFF3C6B760C\">\u00a0<\/div>\t\t\t\t\t\t\t\t<\/div>\n\t\t\t\t<\/div>\n\t\t\t\t<\/div>\n\t\t\t\t\t<\/div>\n\t\t\t\t<\/div>\n\t\t<div class=\"elementor-element elementor-element-b5b9037 e-flex e-con-boxed e-con e-parent\" data-id=\"b5b9037\" data-element_type=\"container\" data-e-type=\"container\">\n\t\t\t\t\t<div class=\"e-con-inner\">\n\t\t\t\t\t<\/div>\n\t\t\t\t<\/div>\n\t\t\t\t<\/div>\n\t\t","protected":false},"excerpt":{"rendered":"<p>&nbsp; Storage Service Storage service, as a seriously important part of the logistics phases, ensures that products are stored safely and accessed quickly when needed. This service also includes storing various types of products under the most appropriate conditions for a certain period of time. It will guarantee that the products are stored in a [&hellip;]<\/p>\n","protected":false},"author":1,"featured_media":0,"parent":0,"menu_order":0,"comment_status":"closed","ping_status":"closed","template":"tpl-default-elementor.php","meta":{"footnotes":""},"class_list":["post-3567","page","type-page","status-publish","hentry"],"_links":{"self":[{"href":"https:\/\/www.asmlojistik.com.tr\/en\/wp-json\/wp\/v2\/pages\/3567","targetHints":{"allow":["GET"]}}],"collection":[{"href":"https:\/\/www.asmlojistik.com.tr\/en\/wp-json\/wp\/v2\/pages"}],"about":[{"href":"https:\/\/www.asmlojistik.com.tr\/en\/wp-json\/wp\/v2\/types\/page"}],"author":[{"embeddable":true,"href":"https:\/\/www.asmlojistik.com.tr\/en\/wp-json\/wp\/v2\/users\/1"}],"replies":[{"embeddable":true,"href":"https:\/\/www.asmlojistik.com.tr\/en\/wp-json\/wp\/v2\/comments?post=3567"}],"version-history":[{"count":20,"href":"https:\/\/www.asmlojistik.com.tr\/en\/wp-json\/wp\/v2\/pages\/3567\/revisions"}],"predecessor-version":[{"id":3747,"href":"https:\/\/www.asmlojistik.com.tr\/en\/wp-json\/wp\/v2\/pages\/3567\/revisions\/3747"}],"wp:attachment":[{"href":"https:\/\/www.asmlojistik.com.tr\/en\/wp-json\/wp\/v2\/media?parent=3567"}],"curies":[{"name":"wp","href":"https:\/\/api.w.org\/{rel}","templated":true}]}}