{"id":3570,"date":"2024-12-30T09:12:11","date_gmt":"2024-12-30T09:12:11","guid":{"rendered":"https:\/\/www.asmlojistik.com.tr\/gumrukleme-hizmeti\/"},"modified":"2025-01-13T02:04:13","modified_gmt":"2025-01-13T02:04:13","slug":"customs-clearance-service","status":"publish","type":"page","link":"https:\/\/www.asmlojistik.com.tr\/en\/customs-clearance-service\/","title":{"rendered":"Customs Clearance Service"},"content":{"rendered":"\t\t<div data-elementor-type=\"wp-page\" data-elementor-id=\"3570\" class=\"elementor elementor-3570\">\n\t\t\t\t<div class=\"elementor-element elementor-element-b9a667f e-flex e-con-boxed e-con e-parent\" data-id=\"b9a667f\" data-element_type=\"container\" data-e-type=\"container\">\n\t\t\t\t\t<div class=\"e-con-inner\">\n\t\t\t\t<div class=\"elementor-element elementor-element-5226a785 elementor-widget elementor-widget-text-editor\" data-id=\"5226a785\" data-element_type=\"widget\" data-e-type=\"widget\" data-widget_type=\"text-editor.default\">\n\t\t\t\t<div class=\"elementor-widget-container\">\n\t\t\t\t\t\t\t\t\t&nbsp;\r\n<div id=\"42DD5F88_7C2E_4011_FCCE_8BFF3C6B760C\"><\/div>\r\n<div id=\"42DD5F88_7C2E_4011_FCCE_8BFF3C6B760C\"><\/div>\t\t\t\t\t\t\t\t<\/div>\n\t\t\t\t<\/div>\n\t\t\t\t\t<\/div>\n\t\t\t\t<\/div>\n\t\t<div class=\"elementor-element elementor-element-3ccb4e0 e-flex e-con-boxed e-con e-parent\" data-id=\"3ccb4e0\" data-element_type=\"container\" data-e-type=\"container\">\n\t\t\t\t\t<div class=\"e-con-inner\">\n\t\t<div class=\"elementor-element elementor-element-1462b7b e-con-full e-flex e-con e-child\" data-id=\"1462b7b\" data-element_type=\"container\" data-e-type=\"container\">\n\t\t\t\t<div class=\"elementor-element elementor-element-6f6fa7a elementor-widget elementor-widget-sidebar\" data-id=\"6f6fa7a\" data-element_type=\"widget\" data-e-type=\"widget\" data-widget_type=\"sidebar.default\">\n\t\t\t\t<div class=\"elementor-widget-container\">\n\t\t\t\t\t<div id=\"fastrans_service_sidebar-1\" class=\"service-widget sidebar-widget widget_fastrans_service_sidebar\">\n\t\t\t<!-- Instagram Widget -->\n\t\t\t<div class=\"ft-service-sidebar-widget headline ul-li-block\">\n\t\t\t\t<div class=\"service-category-widget\">\n\t\t\t\t\t<h3 class=\"widget-title\">Hizmetler<\/h3>\t\t\t\t\t<ul>\n\t\t\t\t\t\n\t\t\t\t<!-- Title -->\n\t\t\t\t\t\t\t\t<li><a href=\"https:\/\/www.asmlojistik.com.tr\/atik-ve-imha-projelendirme-sonuclandirma-hizmeti\/\">At\u0131k ve \u0130mha Projelendirme &#038; Sonu\u00e7land\u0131rma Hizmeti<\/a><\/li>\n\t\t\t\t\t\t\t\t<li><a href=\"https:\/\/www.asmlojistik.com.tr\/kofreleme-ve-ellecleme-hizmeti\/\">Kofreleme ve Elle\u00e7leme Hizmeti<\/a><\/li>\n\t\t\t\t\t\t\t\t<li><a href=\"https:\/\/www.asmlojistik.com.tr\/ambalaj-degisimi-ve-etiketleme-hizmeti\/\">Ambalaj De\u011fi\u015fimi ve Etiketleme Hizmeti<\/a><\/li>\n\t\t\t\t\t\t\t\t<li><a href=\"https:\/\/www.asmlojistik.com.tr\/moto-kurye-ve-sehir-ici-teslimat-hizmeti\/\">Moto Kurye ve \u015eehir \u0130\u00e7i Teslimat Hizmeti<\/a><\/li>\n\t\t\t\t\t\t\t\t<li><a href=\"https:\/\/www.asmlojistik.com.tr\/adr-yonetmeligine-uygun-tasimacilik-hizmeti\/\">ADR Y\u00f6netmeli\u011fine Uygun Ta\u015f\u0131mac\u0131l\u0131k Hizmeti<\/a><\/li>\n\t\t\t\t\t\t\t\t<li><a href=\"https:\/\/www.asmlojistik.com.tr\/parsiyel-ve-komple-tasimacilik\/\">Parsiyel ve Komple Ta\u015f\u0131mac\u0131l\u0131k<\/a><\/li>\n\t\t\t\t\t\t\t\t<li><a href=\"https:\/\/www.asmlojistik.com.tr\/proje-tasimaciligi-ve-proje-yonetimi-hizmeti\/\">Proje Ta\u015f\u0131mac\u0131l\u0131\u011f\u0131 ve Proje Y\u00f6netimi Hizmeti<\/a><\/li>\n\t\t\t\t\t\t\t\t<li><a href=\"https:\/\/www.asmlojistik.com.tr\/depolama-hizmeti\/\">Depolama Hizmeti<\/a><\/li>\n\t\t\t\t\t\t\t\t<li><a href=\"https:\/\/www.asmlojistik.com.tr\/gumrukleme-hizmeti\/\">G\u00fcmr\u00fckleme Hizmeti<\/a><\/li>\n\t\t\t\t\n\t\t\t\t\t\t\t\t<\/ul>\n\t\t\t\t<\/div>\n\t\t\t<\/div>\n\n\t\t\t<\/div><div id=\"fastrans_support_form-1\" class=\"service-widget sidebar-widget widget_fastrans_support_form\">\n\t\t\t<div class=\"ft-service-sidebar-widget headline ul-li-block\">\n                <div class=\"service-form-widget\">\n                    <h3 class=\"widget-title text-uppercase\">\u0130leti\u015fim Formu<\/h3>                                        <p>\u0130stek  ve Talepleriniz \u0130\u00e7in Bize Mail Atabilirsiniz<\/p>\n                                        \n<div class=\"wpcf7 no-js\" id=\"wpcf7-f514-o1\" lang=\"en-US\" dir=\"ltr\" data-wpcf7-id=\"514\">\n<div class=\"screen-reader-response\"><p role=\"status\" aria-live=\"polite\" aria-atomic=\"true\"><\/p> <ul><\/ul><\/div>\n<form action=\"\/en\/wp-json\/wp\/v2\/pages\/3570#wpcf7-f514-o1\" method=\"post\" class=\"wpcf7-form init\" aria-label=\"Contact form\" novalidate=\"novalidate\" data-status=\"init\">\n<fieldset class=\"hidden-fields-container\"><input type=\"hidden\" name=\"_wpcf7\" value=\"514\" \/><input type=\"hidden\" name=\"_wpcf7_version\" value=\"6.1.5\" \/><input type=\"hidden\" name=\"_wpcf7_locale\" value=\"en_US\" \/><input type=\"hidden\" name=\"_wpcf7_unit_tag\" value=\"wpcf7-f514-o1\" \/><input type=\"hidden\" name=\"_wpcf7_container_post\" value=\"0\" \/><input type=\"hidden\" name=\"_wpcf7_posted_data_hash\" value=\"\" \/>\n<\/fieldset>\n<p><span class=\"wpcf7-form-control-wrap\" data-name=\"text-256\"><input size=\"40\" maxlength=\"400\" class=\"wpcf7-form-control wpcf7-text wpcf7-validates-as-required\" aria-required=\"true\" aria-invalid=\"false\" placeholder=\"\u0130sim\" value=\"\" type=\"text\" name=\"text-256\" \/><\/span><br \/>\n<span class=\"wpcf7-form-control-wrap\" data-name=\"email-466\"><input size=\"40\" maxlength=\"400\" class=\"wpcf7-form-control wpcf7-email wpcf7-validates-as-required wpcf7-text wpcf7-validates-as-email\" aria-required=\"true\" aria-invalid=\"false\" placeholder=\"Email\" value=\"\" type=\"email\" name=\"email-466\" \/><\/span><br \/>\n<span class=\"wpcf7-form-control-wrap\" data-name=\"textarea-867\"><textarea cols=\"40\" rows=\"10\" maxlength=\"2000\" class=\"wpcf7-form-control wpcf7-textarea\" aria-invalid=\"false\" placeholder=\"Sorunuz\" name=\"textarea-867\"><\/textarea><\/span><br \/>\n<button>\u0130leti\u015fime Ge\u00e7<\/button>\n<\/p><div class=\"wpcf7-response-output\" aria-hidden=\"true\"><\/div>\n<\/form>\n<\/div>\n                <\/div>\n            <\/div>\n\n        <\/div><div id=\"fastrans_download_brochure-3\" class=\"service-widget sidebar-widget widget_fastrans_download_brochure\">\n\t\t<div class=\"ft-service-sidebar-widget headline ul-li-block\">\n            <div class=\"service-download-widget\">\n                <h3 class=\"widget-title\">Katalo\u011fu \u0130ncele<\/h3>                <ul>\n                                        <li><a target=\"_blank\" href=\"https:\/\/www.asmlojistik.com.tr\/wp-content\/uploads\/2024\/12\/ASM-LOJISTIK-DIJITAL-KATALOG-1.pdf\">Asm Katalog <i class=\"far fa-file-pdf\"><\/i><\/a><\/li>\n                                                        <\/ul>\n            <\/div>\n        <\/div>\n\n        <\/div>\t\t\t\t<\/div>\n\t\t\t\t<\/div>\n\t\t\t\t<\/div>\n\t\t<div class=\"elementor-element elementor-element-d06103f e-con-full e-flex e-con e-child\" data-id=\"d06103f\" data-element_type=\"container\" data-e-type=\"container\">\n\t\t\t\t<div class=\"elementor-element elementor-element-629f772 elementor-widget elementor-widget-heading\" data-id=\"629f772\" data-element_type=\"widget\" data-e-type=\"widget\" data-widget_type=\"heading.default\">\n\t\t\t\t<div class=\"elementor-widget-container\">\n\t\t\t\t\t<h2 class=\"elementor-heading-title elementor-size-default\">Customs Clearance Service<\/h2>\t\t\t\t<\/div>\n\t\t\t\t<\/div>\n\t\t\t\t<div class=\"elementor-element elementor-element-136fc50 elementor-widget elementor-widget-image\" data-id=\"136fc50\" data-element_type=\"widget\" data-e-type=\"widget\" data-widget_type=\"image.default\">\n\t\t\t\t<div class=\"elementor-widget-container\">\n\t\t\t\t\t\t\t\t\t\t\t\t\t\t\t<img fetchpriority=\"high\" decoding=\"async\" width=\"800\" height=\"500\" src=\"https:\/\/www.asmlojistik.com.tr\/wp-content\/uploads\/2024\/12\/Gumrukleme-Hizmeti.jpg\" class=\"attachment-full size-full wp-image-2816\" alt=\"\" srcset=\"https:\/\/www.asmlojistik.com.tr\/wp-content\/uploads\/2024\/12\/Gumrukleme-Hizmeti.jpg 800w, https:\/\/www.asmlojistik.com.tr\/wp-content\/uploads\/2024\/12\/Gumrukleme-Hizmeti-600x375.jpg 600w, https:\/\/www.asmlojistik.com.tr\/wp-content\/uploads\/2024\/12\/Gumrukleme-Hizmeti-300x188.jpg 300w, https:\/\/www.asmlojistik.com.tr\/wp-content\/uploads\/2024\/12\/Gumrukleme-Hizmeti-768x480.jpg 768w, https:\/\/www.asmlojistik.com.tr\/wp-content\/uploads\/2024\/12\/Gumrukleme-Hizmeti-370x230.jpg 370w, https:\/\/www.asmlojistik.com.tr\/wp-content\/uploads\/2024\/12\/Gumrukleme-Hizmeti-371x233.jpg 371w\" sizes=\"(max-width: 800px) 100vw, 800px\" \/>\t\t\t\t\t\t\t\t\t\t\t\t\t\t\t<\/div>\n\t\t\t\t<\/div>\n\t\t\t\t<div class=\"elementor-element elementor-element-c6c81a7 elementor-widget elementor-widget-text-editor\" data-id=\"c6c81a7\" data-element_type=\"widget\" data-e-type=\"widget\" data-widget_type=\"text-editor.default\">\n\t\t\t\t<div class=\"elementor-widget-container\">\n\t\t\t\t\t\t\t\t\t<p>Customs clearance service is a critical stage of international trade. It is a type of service that covers the execution of all customs procedures that must be carried out during import and export transactions. The process in question is carried out by expert teams in order to ensure that everything is done on time and without problems in full compliance with legal regulations. Customs clearance services will cover all bureaucratic and technical procedures required by international trade. In this way, customers&#8217; trade processes are facilitated.<\/p><div id=\"42DD5F88_7C2E_4011_FCCE_8BFF3C6B760C\">\u00a0<\/div><div id=\"42DD5F88_7C2E_4011_FCCE_8BFF3C6B760C\">\u00a0<\/div>\t\t\t\t\t\t\t\t<\/div>\n\t\t\t\t<\/div>\n\t\t\t\t<div class=\"elementor-element elementor-element-eefa02b elementor-widget elementor-widget-heading\" data-id=\"eefa02b\" data-element_type=\"widget\" data-e-type=\"widget\" data-widget_type=\"heading.default\">\n\t\t\t\t<div class=\"elementor-widget-container\">\n\t\t\t\t\t<h2 class=\"elementor-heading-title elementor-size-default\">Scope<\/h2>\t\t\t\t<\/div>\n\t\t\t\t<\/div>\n\t\t\t\t<div class=\"elementor-element elementor-element-7dda39e elementor-widget elementor-widget-text-editor\" data-id=\"7dda39e\" data-element_type=\"widget\" data-e-type=\"widget\" data-widget_type=\"text-editor.default\">\n\t\t\t\t<div class=\"elementor-widget-container\">\n\t\t\t\t\t\t\t\t\t<ol><li>\u0130hracat ve ithalat i\u015flemleri a\u00e7\u0131s\u0131ndan laz\u0131m olan b\u00fct\u00fcn belgeler, g\u00fcmr\u00fckleme hizmeti kapsam\u0131 i\u00e7erisinde do\u011fru ve eksiksiz bir bi\u00e7imde haz\u0131rlanmaktad\u0131r. Sevk irsaliyesi, fatura, men\u015fe belgesi gibi \u00f6nem arz eden belgeler, uzman ekiplerce d\u00fczenlenir.<\/li><li>Her \u00fcr\u00fcn baz\u0131nda netle\u015ftirilen g\u00fcmr\u00fck kodlar\u0131, do\u011fru tarifelere g\u00f6re uyguland\u0131\u011f\u0131ndan \u00f6t\u00fcr\u00fc gereksiz maliyetler de engellenmi\u015f olur.<\/li><li>Vergi avantajlar\u0131n\u0131n her birinden yararlanmak i\u00e7in dahilde i\u015fleme rejimi ve benzeri yasal istisnalar kullan\u0131l\u0131r. Bu da maliyetlerin azalt\u0131lmas\u0131n\u0131 sa\u011flar.<\/li><\/ol><div id=\"42DD5F88_7C2E_4011_FCCE_8BFF3C6B760C\">\u00a0<\/div>\t\t\t\t\t\t\t\t<\/div>\n\t\t\t\t<\/div>\n\t\t\t\t<div class=\"elementor-element elementor-element-2a9867e elementor-widget elementor-widget-image\" data-id=\"2a9867e\" data-element_type=\"widget\" data-e-type=\"widget\" data-widget_type=\"image.default\">\n\t\t\t\t<div class=\"elementor-widget-container\">\n\t\t\t\t\t\t\t\t\t\t\t\t\t\t\t<img decoding=\"async\" width=\"800\" height=\"500\" src=\"https:\/\/www.asmlojistik.com.tr\/wp-content\/uploads\/2024\/12\/gumrukleme.jpg\" class=\"attachment-full size-full wp-image-2823\" alt=\"\" srcset=\"https:\/\/www.asmlojistik.com.tr\/wp-content\/uploads\/2024\/12\/gumrukleme.jpg 800w, https:\/\/www.asmlojistik.com.tr\/wp-content\/uploads\/2024\/12\/gumrukleme-600x375.jpg 600w, https:\/\/www.asmlojistik.com.tr\/wp-content\/uploads\/2024\/12\/gumrukleme-300x188.jpg 300w, https:\/\/www.asmlojistik.com.tr\/wp-content\/uploads\/2024\/12\/gumrukleme-768x480.jpg 768w, https:\/\/www.asmlojistik.com.tr\/wp-content\/uploads\/2024\/12\/gumrukleme-370x230.jpg 370w, https:\/\/www.asmlojistik.com.tr\/wp-content\/uploads\/2024\/12\/gumrukleme-371x233.jpg 371w\" sizes=\"(max-width: 800px) 100vw, 800px\" \/>\t\t\t\t\t\t\t\t\t\t\t\t\t\t\t<\/div>\n\t\t\t\t<\/div>\n\t\t\t\t<div class=\"elementor-element elementor-element-811b362 elementor-widget elementor-widget-heading\" data-id=\"811b362\" data-element_type=\"widget\" data-e-type=\"widget\" data-widget_type=\"heading.default\">\n\t\t\t\t<div class=\"elementor-widget-container\">\n\t\t\t\t\t<h2 class=\"elementor-heading-title elementor-size-default\">Advantages<\/h2>\t\t\t\t<\/div>\n\t\t\t\t<\/div>\n\t\t\t\t<div class=\"elementor-element elementor-element-55f29a9 elementor-widget elementor-widget-text-editor\" data-id=\"55f29a9\" data-element_type=\"widget\" data-e-type=\"widget\" data-widget_type=\"text-editor.default\">\n\t\t\t\t<div class=\"elementor-widget-container\">\n\t\t\t\t\t\t\t\t\t<ul><li><p>Thanks to the customs clearance service, transactions are completed quickly. Every stage from the preparation of documents to the payment of taxes is followed by expert teams.<\/p><p>All transactions are implemented in accordance with the requirements of international trade. Solutions that comply with local and international trade rules are obtained.<br \/>Each stage in the transactions is followed transparently. In this way, customers are informed regularly.<\/p><\/li><\/ul><div id=\"42DD5F88_7C2E_4011_FCCE_8BFF3C6B760C\">\u00a0<\/div>\t\t\t\t\t\t\t\t<\/div>\n\t\t\t\t<\/div>\n\t\t\t\t<\/div>\n\t\t\t\t\t<\/div>\n\t\t\t\t<\/div>\n\t\t<div class=\"elementor-element elementor-element-b5b9037 e-flex e-con-boxed e-con e-parent\" data-id=\"b5b9037\" data-element_type=\"container\" data-e-type=\"container\">\n\t\t\t\t\t<div class=\"e-con-inner\">\n\t\t\t\t\t<\/div>\n\t\t\t\t<\/div>\n\t\t\t\t<\/div>\n\t\t","protected":false},"excerpt":{"rendered":"<p>&nbsp; Customs Clearance Service Customs clearance service is a critical stage of international trade. It is a type of service that covers the execution of all customs procedures that must be carried out during import and export transactions. The process in question is carried out by expert teams in order to ensure that everything is [&hellip;]<\/p>\n","protected":false},"author":1,"featured_media":0,"parent":0,"menu_order":0,"comment_status":"closed","ping_status":"closed","template":"tpl-default-elementor.php","meta":{"footnotes":""},"class_list":["post-3570","page","type-page","status-publish","hentry"],"_links":{"self":[{"href":"https:\/\/www.asmlojistik.com.tr\/en\/wp-json\/wp\/v2\/pages\/3570","targetHints":{"allow":["GET"]}}],"collection":[{"href":"https:\/\/www.asmlojistik.com.tr\/en\/wp-json\/wp\/v2\/pages"}],"about":[{"href":"https:\/\/www.asmlojistik.com.tr\/en\/wp-json\/wp\/v2\/types\/page"}],"author":[{"embeddable":true,"href":"https:\/\/www.asmlojistik.com.tr\/en\/wp-json\/wp\/v2\/users\/1"}],"replies":[{"embeddable":true,"href":"https:\/\/www.asmlojistik.com.tr\/en\/wp-json\/wp\/v2\/comments?post=3570"}],"version-history":[{"count":17,"href":"https:\/\/www.asmlojistik.com.tr\/en\/wp-json\/wp\/v2\/pages\/3570\/revisions"}],"predecessor-version":[{"id":3727,"href":"https:\/\/www.asmlojistik.com.tr\/en\/wp-json\/wp\/v2\/pages\/3570\/revisions\/3727"}],"wp:attachment":[{"href":"https:\/\/www.asmlojistik.com.tr\/en\/wp-json\/wp\/v2\/media?parent=3570"}],"curies":[{"name":"wp","href":"https:\/\/api.w.org\/{rel}","templated":true}]}}