{"id":3587,"date":"2024-12-30T00:13:03","date_gmt":"2024-12-30T00:13:03","guid":{"rendered":"https:\/\/www.asmlojistik.com.tr\/parsiyel-ve-komple-tasimacilik\/"},"modified":"2025-01-13T01:42:35","modified_gmt":"2025-01-13T01:42:35","slug":"partial-and-complete-transportation","status":"publish","type":"page","link":"https:\/\/www.asmlojistik.com.tr\/en\/partial-and-complete-transportation\/","title":{"rendered":"Partial and Complete Transportation"},"content":{"rendered":"\t\t<div data-elementor-type=\"wp-page\" data-elementor-id=\"3587\" class=\"elementor elementor-3587\">\n\t\t\t\t<div class=\"elementor-element elementor-element-b9a667f e-flex e-con-boxed e-con e-parent\" data-id=\"b9a667f\" data-element_type=\"container\" data-e-type=\"container\">\n\t\t\t\t\t<div class=\"e-con-inner\">\n\t\t\t\t<div class=\"elementor-element elementor-element-5226a785 elementor-widget elementor-widget-text-editor\" data-id=\"5226a785\" data-element_type=\"widget\" data-e-type=\"widget\" data-widget_type=\"text-editor.default\">\n\t\t\t\t<div class=\"elementor-widget-container\">\n\t\t\t\t\t\t\t\t\t&nbsp;\r\n<div id=\"42DD5F88_7C2E_4011_FCCE_8BFF3C6B760C\"><\/div>\r\n<div id=\"42DD5F88_7C2E_4011_FCCE_8BFF3C6B760C\"><\/div>\t\t\t\t\t\t\t\t<\/div>\n\t\t\t\t<\/div>\n\t\t\t\t\t<\/div>\n\t\t\t\t<\/div>\n\t\t<div class=\"elementor-element elementor-element-3ccb4e0 e-flex e-con-boxed e-con e-parent\" data-id=\"3ccb4e0\" data-element_type=\"container\" data-e-type=\"container\">\n\t\t\t\t\t<div class=\"e-con-inner\">\n\t\t<div class=\"elementor-element elementor-element-1462b7b e-con-full e-flex e-con e-child\" data-id=\"1462b7b\" data-element_type=\"container\" data-e-type=\"container\">\n\t\t\t\t<div class=\"elementor-element elementor-element-6f6fa7a elementor-widget elementor-widget-sidebar\" data-id=\"6f6fa7a\" data-element_type=\"widget\" data-e-type=\"widget\" data-widget_type=\"sidebar.default\">\n\t\t\t\t<div class=\"elementor-widget-container\">\n\t\t\t\t\t<div id=\"fastrans_service_sidebar-1\" class=\"service-widget sidebar-widget widget_fastrans_service_sidebar\">\n\t\t\t<!-- Instagram Widget -->\n\t\t\t<div class=\"ft-service-sidebar-widget headline ul-li-block\">\n\t\t\t\t<div class=\"service-category-widget\">\n\t\t\t\t\t<h3 class=\"widget-title\">Hizmetler<\/h3>\t\t\t\t\t<ul>\n\t\t\t\t\t\n\t\t\t\t<!-- Title -->\n\t\t\t\t\t\t\t\t<li><a href=\"https:\/\/www.asmlojistik.com.tr\/atik-ve-imha-projelendirme-sonuclandirma-hizmeti\/\">At\u0131k ve \u0130mha Projelendirme &#038; Sonu\u00e7land\u0131rma Hizmeti<\/a><\/li>\n\t\t\t\t\t\t\t\t<li><a href=\"https:\/\/www.asmlojistik.com.tr\/kofreleme-ve-ellecleme-hizmeti\/\">Kofreleme ve Elle\u00e7leme Hizmeti<\/a><\/li>\n\t\t\t\t\t\t\t\t<li><a href=\"https:\/\/www.asmlojistik.com.tr\/ambalaj-degisimi-ve-etiketleme-hizmeti\/\">Ambalaj De\u011fi\u015fimi ve Etiketleme Hizmeti<\/a><\/li>\n\t\t\t\t\t\t\t\t<li><a href=\"https:\/\/www.asmlojistik.com.tr\/moto-kurye-ve-sehir-ici-teslimat-hizmeti\/\">Moto Kurye ve \u015eehir \u0130\u00e7i Teslimat Hizmeti<\/a><\/li>\n\t\t\t\t\t\t\t\t<li><a href=\"https:\/\/www.asmlojistik.com.tr\/adr-yonetmeligine-uygun-tasimacilik-hizmeti\/\">ADR Y\u00f6netmeli\u011fine Uygun Ta\u015f\u0131mac\u0131l\u0131k Hizmeti<\/a><\/li>\n\t\t\t\t\t\t\t\t<li><a href=\"https:\/\/www.asmlojistik.com.tr\/parsiyel-ve-komple-tasimacilik\/\">Parsiyel ve Komple Ta\u015f\u0131mac\u0131l\u0131k<\/a><\/li>\n\t\t\t\t\t\t\t\t<li><a href=\"https:\/\/www.asmlojistik.com.tr\/proje-tasimaciligi-ve-proje-yonetimi-hizmeti\/\">Proje Ta\u015f\u0131mac\u0131l\u0131\u011f\u0131 ve Proje Y\u00f6netimi Hizmeti<\/a><\/li>\n\t\t\t\t\t\t\t\t<li><a href=\"https:\/\/www.asmlojistik.com.tr\/depolama-hizmeti\/\">Depolama Hizmeti<\/a><\/li>\n\t\t\t\t\t\t\t\t<li><a href=\"https:\/\/www.asmlojistik.com.tr\/gumrukleme-hizmeti\/\">G\u00fcmr\u00fckleme Hizmeti<\/a><\/li>\n\t\t\t\t\n\t\t\t\t\t\t\t\t<\/ul>\n\t\t\t\t<\/div>\n\t\t\t<\/div>\n\n\t\t\t<\/div><div id=\"fastrans_support_form-1\" class=\"service-widget sidebar-widget widget_fastrans_support_form\">\n\t\t\t<div class=\"ft-service-sidebar-widget headline ul-li-block\">\n                <div class=\"service-form-widget\">\n                    <h3 class=\"widget-title text-uppercase\">\u0130leti\u015fim Formu<\/h3>                                        <p>\u0130stek  ve Talepleriniz \u0130\u00e7in Bize Mail Atabilirsiniz<\/p>\n                                        \n<div class=\"wpcf7 no-js\" id=\"wpcf7-f514-o1\" lang=\"en-US\" dir=\"ltr\" data-wpcf7-id=\"514\">\n<div class=\"screen-reader-response\"><p role=\"status\" aria-live=\"polite\" aria-atomic=\"true\"><\/p> <ul><\/ul><\/div>\n<form action=\"\/en\/wp-json\/wp\/v2\/pages\/3587#wpcf7-f514-o1\" method=\"post\" class=\"wpcf7-form init\" aria-label=\"Contact form\" novalidate=\"novalidate\" data-status=\"init\">\n<fieldset class=\"hidden-fields-container\"><input type=\"hidden\" name=\"_wpcf7\" value=\"514\" \/><input type=\"hidden\" name=\"_wpcf7_version\" value=\"6.1.5\" \/><input type=\"hidden\" name=\"_wpcf7_locale\" value=\"en_US\" \/><input type=\"hidden\" name=\"_wpcf7_unit_tag\" value=\"wpcf7-f514-o1\" \/><input type=\"hidden\" name=\"_wpcf7_container_post\" value=\"0\" \/><input type=\"hidden\" name=\"_wpcf7_posted_data_hash\" value=\"\" \/>\n<\/fieldset>\n<p><span class=\"wpcf7-form-control-wrap\" data-name=\"text-256\"><input size=\"40\" maxlength=\"400\" class=\"wpcf7-form-control wpcf7-text wpcf7-validates-as-required\" aria-required=\"true\" aria-invalid=\"false\" placeholder=\"\u0130sim\" value=\"\" type=\"text\" name=\"text-256\" \/><\/span><br \/>\n<span class=\"wpcf7-form-control-wrap\" data-name=\"email-466\"><input size=\"40\" maxlength=\"400\" class=\"wpcf7-form-control wpcf7-email wpcf7-validates-as-required wpcf7-text wpcf7-validates-as-email\" aria-required=\"true\" aria-invalid=\"false\" placeholder=\"Email\" value=\"\" type=\"email\" name=\"email-466\" \/><\/span><br \/>\n<span class=\"wpcf7-form-control-wrap\" data-name=\"textarea-867\"><textarea cols=\"40\" rows=\"10\" maxlength=\"2000\" class=\"wpcf7-form-control wpcf7-textarea\" aria-invalid=\"false\" placeholder=\"Sorunuz\" name=\"textarea-867\"><\/textarea><\/span><br \/>\n<button>\u0130leti\u015fime Ge\u00e7<\/button>\n<\/p><div class=\"wpcf7-response-output\" aria-hidden=\"true\"><\/div>\n<\/form>\n<\/div>\n                <\/div>\n            <\/div>\n\n        <\/div><div id=\"fastrans_download_brochure-3\" class=\"service-widget sidebar-widget widget_fastrans_download_brochure\">\n\t\t<div class=\"ft-service-sidebar-widget headline ul-li-block\">\n            <div class=\"service-download-widget\">\n                <h3 class=\"widget-title\">Katalo\u011fu \u0130ncele<\/h3>                <ul>\n                                        <li><a target=\"_blank\" href=\"https:\/\/www.asmlojistik.com.tr\/wp-content\/uploads\/2024\/12\/ASM-LOJISTIK-DIJITAL-KATALOG-1.pdf\">Asm Katalog <i class=\"far fa-file-pdf\"><\/i><\/a><\/li>\n                                                        <\/ul>\n            <\/div>\n        <\/div>\n\n        <\/div>\t\t\t\t<\/div>\n\t\t\t\t<\/div>\n\t\t\t\t<\/div>\n\t\t<div class=\"elementor-element elementor-element-d06103f e-con-full e-flex e-con e-child\" data-id=\"d06103f\" data-element_type=\"container\" data-e-type=\"container\">\n\t\t\t\t<div class=\"elementor-element elementor-element-629f772 elementor-widget elementor-widget-heading\" data-id=\"629f772\" data-element_type=\"widget\" data-e-type=\"widget\" data-widget_type=\"heading.default\">\n\t\t\t\t<div class=\"elementor-widget-container\">\n\t\t\t\t\t<h2 class=\"elementor-heading-title elementor-size-default\">Partial and Complete Transportation<\/h2>\t\t\t\t<\/div>\n\t\t\t\t<\/div>\n\t\t\t\t<div class=\"elementor-element elementor-element-136fc50 elementor-widget elementor-widget-image\" data-id=\"136fc50\" data-element_type=\"widget\" data-e-type=\"widget\" data-widget_type=\"image.default\">\n\t\t\t\t<div class=\"elementor-widget-container\">\n\t\t\t\t\t\t\t\t\t\t\t\t\t\t\t<img fetchpriority=\"high\" decoding=\"async\" width=\"800\" height=\"500\" src=\"https:\/\/www.asmlojistik.com.tr\/wp-content\/uploads\/2024\/12\/Parsiyel-ve-Komple-Tasimacilik.jpg\" class=\"attachment-full size-full wp-image-2766\" alt=\"\" srcset=\"https:\/\/www.asmlojistik.com.tr\/wp-content\/uploads\/2024\/12\/Parsiyel-ve-Komple-Tasimacilik.jpg 800w, https:\/\/www.asmlojistik.com.tr\/wp-content\/uploads\/2024\/12\/Parsiyel-ve-Komple-Tasimacilik-600x375.jpg 600w, https:\/\/www.asmlojistik.com.tr\/wp-content\/uploads\/2024\/12\/Parsiyel-ve-Komple-Tasimacilik-300x188.jpg 300w, https:\/\/www.asmlojistik.com.tr\/wp-content\/uploads\/2024\/12\/Parsiyel-ve-Komple-Tasimacilik-768x480.jpg 768w, https:\/\/www.asmlojistik.com.tr\/wp-content\/uploads\/2024\/12\/Parsiyel-ve-Komple-Tasimacilik-370x230.jpg 370w, https:\/\/www.asmlojistik.com.tr\/wp-content\/uploads\/2024\/12\/Parsiyel-ve-Komple-Tasimacilik-371x233.jpg 371w\" sizes=\"(max-width: 800px) 100vw, 800px\" \/>\t\t\t\t\t\t\t\t\t\t\t\t\t\t\t<\/div>\n\t\t\t\t<\/div>\n\t\t\t\t<div class=\"elementor-element elementor-element-c6c81a7 elementor-widget elementor-widget-text-editor\" data-id=\"c6c81a7\" data-element_type=\"widget\" data-e-type=\"widget\" data-widget_type=\"text-editor.default\">\n\t\t\t\t<div class=\"elementor-widget-container\">\n\t\t\t\t\t\t\t\t\t<p>This service is offered to ensure the safe and efficient transportation of different load options. It includes partial transportation, where small quantities of loads from different senders are combined with bulk transportation, and complete transportation, where large loads belonging to a single customer are transported. For both types of transportation, special transportation solutions and vehicles are used, and the transportation process is customized to best suit the needs of the customer.<\/p><div id=\"42DD5F88_7C2E_4011_FCCE_8BFF3C6B760C\">\u00a0<\/div><div id=\"42DD5F88_7C2E_4011_FCCE_8BFF3C6B760C\">\u00a0<\/div><div id=\"42DD5F88_7C2E_4011_FCCE_8BFF3C6B760C\">\u00a0<\/div>\t\t\t\t\t\t\t\t<\/div>\n\t\t\t\t<\/div>\n\t\t\t\t<div class=\"elementor-element elementor-element-eefa02b elementor-widget elementor-widget-heading\" data-id=\"eefa02b\" data-element_type=\"widget\" data-e-type=\"widget\" data-widget_type=\"heading.default\">\n\t\t\t\t<div class=\"elementor-widget-container\">\n\t\t\t\t\t<h2 class=\"elementor-heading-title elementor-size-default\">Scope<\/h2>\t\t\t\t<\/div>\n\t\t\t\t<\/div>\n\t\t\t\t<div class=\"elementor-element elementor-element-7dda39e elementor-widget elementor-widget-text-editor\" data-id=\"7dda39e\" data-element_type=\"widget\" data-e-type=\"widget\" data-widget_type=\"text-editor.default\">\n\t\t\t\t<div class=\"elementor-widget-container\">\n\t\t\t\t\t\t\t\t\t<p>Small-sized loads belonging to completely different customers are brought together and transported using mass transportation methods.<\/p><p>On-time delivery is guaranteed according to delivery addresses.<br \/>Measures are taken regarding safety, portability and transportation stages for the transportation of large-sized loads.<br \/>Large and bulky loads belonging to a single customer are transported using special vehicles.<br \/>Support is provided for the process with completely different cranes, vehicles and transportation equipment in terms of special transportation requirements.<br \/>In complete transportation, loads are transported in one piece. Thus, there is no possibility of any mixing or separation.<\/p><div id=\"42DD5F88_7C2E_4011_FCCE_8BFF3C6B760C\">\u00a0<\/div>\t\t\t\t\t\t\t\t<\/div>\n\t\t\t\t<\/div>\n\t\t\t\t<div class=\"elementor-element elementor-element-2a9867e elementor-widget elementor-widget-image\" data-id=\"2a9867e\" data-element_type=\"widget\" data-e-type=\"widget\" data-widget_type=\"image.default\">\n\t\t\t\t<div class=\"elementor-widget-container\">\n\t\t\t\t\t\t\t\t\t\t\t\t\t\t\t<img decoding=\"async\" width=\"800\" height=\"500\" src=\"https:\/\/www.asmlojistik.com.tr\/wp-content\/uploads\/2024\/12\/Gumrukleme-Hizmeti-1.jpg\" class=\"attachment-full size-full wp-image-2773\" alt=\"\" srcset=\"https:\/\/www.asmlojistik.com.tr\/wp-content\/uploads\/2024\/12\/Gumrukleme-Hizmeti-1.jpg 800w, https:\/\/www.asmlojistik.com.tr\/wp-content\/uploads\/2024\/12\/Gumrukleme-Hizmeti-1-600x375.jpg 600w, https:\/\/www.asmlojistik.com.tr\/wp-content\/uploads\/2024\/12\/Gumrukleme-Hizmeti-1-300x188.jpg 300w, https:\/\/www.asmlojistik.com.tr\/wp-content\/uploads\/2024\/12\/Gumrukleme-Hizmeti-1-768x480.jpg 768w, https:\/\/www.asmlojistik.com.tr\/wp-content\/uploads\/2024\/12\/Gumrukleme-Hizmeti-1-370x230.jpg 370w, https:\/\/www.asmlojistik.com.tr\/wp-content\/uploads\/2024\/12\/Gumrukleme-Hizmeti-1-371x233.jpg 371w\" sizes=\"(max-width: 800px) 100vw, 800px\" \/>\t\t\t\t\t\t\t\t\t\t\t\t\t\t\t<\/div>\n\t\t\t\t<\/div>\n\t\t\t\t<div class=\"elementor-element elementor-element-811b362 elementor-widget elementor-widget-heading\" data-id=\"811b362\" data-element_type=\"widget\" data-e-type=\"widget\" data-widget_type=\"heading.default\">\n\t\t\t\t<div class=\"elementor-widget-container\">\n\t\t\t\t\t<h2 class=\"elementor-heading-title elementor-size-default\">Advantages<\/h2>\t\t\t\t<\/div>\n\t\t\t\t<\/div>\n\t\t\t\t<div class=\"elementor-element elementor-element-55f29a9 elementor-widget elementor-widget-text-editor\" data-id=\"55f29a9\" data-element_type=\"widget\" data-e-type=\"widget\" data-widget_type=\"text-editor.default\">\n\t\t\t\t<div class=\"elementor-widget-container\">\n\t\t\t\t\t\t\t\t\t<p>It is ensured that the loads are monitored during the transportation phase and that information is transferred to the customers on time.<\/p><p>With partial transportation, small-sized loads are transported at lower costs by using public transportation.<\/p><p>With complete transportation, the ground is prepared for the transportation of loads in one go, and time is saved.<\/p><div id=\"42DD5F88_7C2E_4011_FCCE_8BFF3C6B760C\">\u00a0<\/div><div id=\"42DD5F88_7C2E_4011_FCCE_8BFF3C6B760C\">\u00a0<\/div><div id=\"42DD5F88_7C2E_4011_FCCE_8BFF3C6B760C\">\u00a0<\/div><div id=\"42DD5F88_7C2E_4011_FCCE_8BFF3C6B760C\">\u00a0<\/div><div id=\"42DD5F88_7C2E_4011_FCCE_8BFF3C6B760C\">\u00a0<\/div><div id=\"42DD5F88_7C2E_4011_FCCE_8BFF3C6B760C\">\u00a0<\/div><div id=\"42DD5F88_7C2E_4011_FCCE_8BFF3C6B760C\">\u00a0<\/div><div id=\"42DD5F88_7C2E_4011_FCCE_8BFF3C6B760C\">\u00a0<\/div><div id=\"42DD5F88_7C2E_4011_FCCE_8BFF3C6B760C\">\u00a0<\/div>\t\t\t\t\t\t\t\t<\/div>\n\t\t\t\t<\/div>\n\t\t\t\t<\/div>\n\t\t\t\t\t<\/div>\n\t\t\t\t<\/div>\n\t\t<div class=\"elementor-element elementor-element-b5b9037 e-flex e-con-boxed e-con e-parent\" data-id=\"b5b9037\" data-element_type=\"container\" data-e-type=\"container\">\n\t\t\t\t\t<div class=\"e-con-inner\">\n\t\t\t\t\t<\/div>\n\t\t\t\t<\/div>\n\t\t\t\t<\/div>\n\t\t","protected":false},"excerpt":{"rendered":"<p>&nbsp; Partial and Complete Transportation This service is offered to ensure the safe and efficient transportation of different load options. It includes partial transportation, where small quantities of loads from different senders are combined with bulk transportation, and complete transportation, where large loads belonging to a single customer are transported. For both types of transportation, [&hellip;]<\/p>\n","protected":false},"author":1,"featured_media":0,"parent":0,"menu_order":0,"comment_status":"closed","ping_status":"closed","template":"tpl-default-elementor.php","meta":{"footnotes":""},"class_list":["post-3587","page","type-page","status-publish","hentry"],"_links":{"self":[{"href":"https:\/\/www.asmlojistik.com.tr\/en\/wp-json\/wp\/v2\/pages\/3587","targetHints":{"allow":["GET"]}}],"collection":[{"href":"https:\/\/www.asmlojistik.com.tr\/en\/wp-json\/wp\/v2\/pages"}],"about":[{"href":"https:\/\/www.asmlojistik.com.tr\/en\/wp-json\/wp\/v2\/types\/page"}],"author":[{"embeddable":true,"href":"https:\/\/www.asmlojistik.com.tr\/en\/wp-json\/wp\/v2\/users\/1"}],"replies":[{"embeddable":true,"href":"https:\/\/www.asmlojistik.com.tr\/en\/wp-json\/wp\/v2\/comments?post=3587"}],"version-history":[{"count":20,"href":"https:\/\/www.asmlojistik.com.tr\/en\/wp-json\/wp\/v2\/pages\/3587\/revisions"}],"predecessor-version":[{"id":3649,"href":"https:\/\/www.asmlojistik.com.tr\/en\/wp-json\/wp\/v2\/pages\/3587\/revisions\/3649"}],"wp:attachment":[{"href":"https:\/\/www.asmlojistik.com.tr\/en\/wp-json\/wp\/v2\/media?parent=3587"}],"curies":[{"name":"wp","href":"https:\/\/api.w.org\/{rel}","templated":true}]}}